{"id":818,"date":"2017-02-03T13:36:49","date_gmt":"2017-02-03T11:36:49","guid":{"rendered":"http:\/\/www.ahoi-segelschule.de\/?page_id=818"},"modified":"2026-04-03T13:23:07","modified_gmt":"2026-04-03T11:23:07","slug":"aktuelles","status":"publish","type":"page","link":"https:\/\/www.ahoi-segelschule.de\/?page_id=818","title":{"rendered":"Aktuelles"},"content":{"rendered":"\n<p><span style=\"color: #003366;\"><strong>Neues in der Saison 2026<\/strong><\/span><\/p>\n\n\n\n<p><strong><span style=\"color: #003366;\">Wochenendtheoriekurs SBF-See, 20.-22.02.2026<\/span><\/strong><br>\n<span style=\"color: #003366;\">in einem informativen und intensiven Wochenendpr\u00e4senzunterricht werdet ihr konkret auf die anstehende theoretische Pr\u00fcfung zum amtlichen Sportbootf\u00fchrerschein See vorbereitet.<\/span><br>\n<span style=\"color: #003366;\">Unterrichtsstandort: Steinhude<\/span><\/p>\n\n\n\n<p><span style=\"color: #003366;\"><strong>Ahoi! Die Optiwoche f\u00fcr die <\/strong><\/span><span style=\"color: #003366;\"><strong>J\u00fcngsten<\/strong><br> Jetzt im vierten Jahr: mit Unterst\u00fctzung von einigen jugendlichen BetreuerInnen aus dem Segelvereinssport bietet die Ahoi-Segelschule erneut eine Kinder Opti-Woche f\u00fcr die Saison 2026 an. Wir freuen uns erneut sehr auf diese Woche, und sind gespannt auf diese kind- und jugendgerechte Erweiterung\u00a0 unseres Segelpraxisportfolios.<\/span><\/p>\n\n\n\n<p><strong><span style=\"color: #003366;\">Neues vom Sportbootf\u00fchrerschein<\/span> <span style=\"color: #003366;\">2023\/24<\/span><br> <\/strong><span style=\"color: #003366;\">Auch im Jahr 2023\u00a0 sind einige \u00c4nderungen und Erg\u00e4nzungen in den Publikationen zu den amtlichen Sportbootf\u00fchrerscheinen erfolgt. So ist die F\u00fchrerscheinpflicht f\u00fcr Elekroboote auf eine Leistungsgrenze von 7,5 KW angepasst worden. Ebenfalls\u00a0 gab es \u00c4nderungen, welche das Befahren der Wattenmeere und auch die formale Umbenennung der Wasser- und Schifffahrtsdirektionen in die Generaldirektion Wasserstra\u00dfen und Schifffahrt (GDWS) betreffen. Aus segelpraktischer Sicht sind die Erg\u00e4nzungen zum Befahren der Gatten zwischen den Nordseeinseln und zum Tragen von Rettungsweseten zu begr\u00fc\u00dfen.\u00a0 In den vergangenen Jahren gab es vermehrt Seeunf\u00e4lle und leider auch Todesf\u00e4lle in diesem sehr speziellen Seerevier. Die besonderen Gefahren eines Landfalls in Legervallsituationen wurden schon immer als Exkurs im Unterricht der Ahoi-Segelschule angesprochen &#8211; auf Grund der Relevanz nun im Rahmen einer vertieften Diskussion.<\/span> <span style=\"color: #003366;\">F\u00fcr alle zuk\u00fcnftigen TheorieteilnehmerInnen der Hinweis: Investiert bitte in eine aktuelle Auflage der g\u00e4ngigen Schulliteratur.<\/span><\/p>\n\n\n\n<p><strong><span style=\"color: #003366;\">Neuer Tauglichkeitsnachweis<\/span><\/strong><br>\n<span style=\"color: #003366;\">F\u00fcr die amtlichen Sportbootf\u00fchrerscheine steht seit M\u00e4rz 2023 ein neuer Tauglichkeitsnachweis zum Download bereit.<\/span><br>\n<span style=\"color: #003366;\">Medizinische Tauglichkeitskriterien stehen erkl\u00e4rend zur Verf\u00fcgung. Die bisher gemachten Erfahrungen werden von den Teilnehmenden sehr unterschiedlich beschrieben. Bitte k\u00fcmmert euch fr\u00fch um eine \u00e4rztlichen Termin. Der Tauglichkeitsvordruck wird doppelseitig ausgedruckt. Die medizinischen Tauglichkeitskriterien sollten vorgehalten werden.<\/span><\/p>\n\n\n\n<p><span style=\"color: #003366;\"><strong>Neuer Standort Segelpraxis am Ferienpark &#8211; Segelverein Steinhude-Niedersachsen<\/strong><\/span><br> <span style=\"color: #003366;\">Seit der Saison 2020 findet die segelpraktische Ausbildung an der Steganlage S71\/72, Bleichenstra\u00dfe 49, 31515 Steinhude statt.<\/span><br> <span style=\"color: #003366;\">Wir freuen uns, am S\u00fcdufer des Steinhuder Meeres, im gesch\u00fctzten Revier der Gro\u00dfenheidorner Bucht, einen neuen Segelschulstandort gefunden zu haben. Die gro\u00dfz\u00fcgige Steganlage, verwaltet vom Segelverein Steinhude-Niedersachsen e. V., war schon seit l\u00e4ngerem unser bevorzugter \u00dcbungs- und Pr\u00fcfungssteg. Die Ahoi-Segelschule freut sich auf eine gute Zusammenarbeit mit den Mitgliedern des SVSN und den Wassersportlern der Steggemeinschaft.<\/span><\/p>\n\n\n\n<p><\/p>\n\n\n\n<p><\/p>\n\n\n\n<p><\/p>\n\n\n\n<p><\/p>\n","protected":false},"excerpt":{"rendered":"<p>Neues in der Saison 2026 Wochenendtheoriekurs SBF-See, 20.-22.02.2026 in einem informativen und intensiven Wochenendpr\u00e4senzunterricht werdet ihr konkret auf die anstehende theoretische Pr\u00fcfung zum amtlichen Sportbootf\u00fchrerschein See vorbereitet. Unterrichtsstandort: Steinhude Ahoi! Die Optiwoche f\u00fcr die J\u00fcngsten Jetzt im vierten Jahr: mit<\/p>\n","protected":false},"author":1,"featured_media":0,"parent":0,"menu_order":0,"comment_status":"closed","ping_status":"closed","template":"","meta":{"footnotes":""},"class_list":["post-818","page","type-page","status-publish","hentry"],"_links":{"self":[{"href":"https:\/\/www.ahoi-segelschule.de\/index.php?rest_route=\/wp\/v2\/pages\/818","targetHints":{"allow":["GET"]}}],"collection":[{"href":"https:\/\/www.ahoi-segelschule.de\/index.php?rest_route=\/wp\/v2\/pages"}],"about":[{"href":"https:\/\/www.ahoi-segelschule.de\/index.php?rest_route=\/wp\/v2\/types\/page"}],"author":[{"embeddable":true,"href":"https:\/\/www.ahoi-segelschule.de\/index.php?rest_route=\/wp\/v2\/users\/1"}],"replies":[{"embeddable":true,"href":"https:\/\/www.ahoi-segelschule.de\/index.php?rest_route=%2Fwp%2Fv2%2Fcomments&post=818"}],"version-history":[{"count":72,"href":"https:\/\/www.ahoi-segelschule.de\/index.php?rest_route=\/wp\/v2\/pages\/818\/revisions"}],"predecessor-version":[{"id":1292,"href":"https:\/\/www.ahoi-segelschule.de\/index.php?rest_route=\/wp\/v2\/pages\/818\/revisions\/1292"}],"wp:attachment":[{"href":"https:\/\/www.ahoi-segelschule.de\/index.php?rest_route=%2Fwp%2Fv2%2Fmedia&parent=818"}],"curies":[{"name":"wp","href":"https:\/\/api.w.org\/{rel}","templated":true}]}}