{"id":316,"date":"2014-04-19T13:21:11","date_gmt":"2014-04-19T11:21:11","guid":{"rendered":"http:\/\/www.ahoi-segelschule.de\/?page_id=316"},"modified":"2026-04-03T13:46:05","modified_gmt":"2026-04-03T11:46:05","slug":"termine","status":"publish","type":"page","link":"https:\/\/www.ahoi-segelschule.de\/?page_id=316","title":{"rendered":"Termine"},"content":{"rendered":"\n<h1 class=\"wp-block-heading\"><span style=\"color: #003366;\">Segelsaison 2026 &#8211; Kurstermine<\/span><\/h1>\n\n\n\n<p><span style=\"color: #003366;\"><strong>Wochenendtheoriekurs SBF-See, 20.-22.02.2026<\/strong><\/span><br>\n<span style=\"color: #003366;\">in einem informativen und intensiven Wochenendpr\u00e4senzunterricht werdet ihr konkret auf die anstehende theoretische Pr\u00fcfung zum amtlichen Sportbootf\u00fchrerschein See vorbereitet.<\/span><br>\n<span style=\"color: #003366;\">Unterrichtsstandort: Steinhude<\/span><br>\n<span style=\"color: #003366;\">Freitag, 18:00-21:00 Uhr: Allgemeines zur Pr\u00fcfung, Gesetzeskunde<\/span><br>\n<span style=\"color: #003366;\">Samstag, 9:00-16:00 Uhr: Navigation, erste Aufgaben in der Seekarte, Wetterkunde<\/span><br>\n<span style=\"color: #003366;\">Sonntag, 9:00-16:00 Uhr: Navigation, Aufgaben in der Seekarte, Schiffsf\u00fchrung, Sicherheit auf See<\/span><\/p>\n\n\n\n<p><span style=\"color: #003366;\"><strong>Segelpraktischen Ausbildung 202<\/strong><\/span><strong>6<\/strong><\/p>\n\n\n\n<p><span style=\"color: #003366;\"><strong>S<\/strong><strong>egelpraxiskurs &#8211; <\/strong><\/span><span style=\"color: #003366;\"><strong>amtlicher Sportbootf\u00fchrerschein <\/strong><\/span><span style=\"color: #003366;\"><strong>SBF Binnen unter Segel<\/strong><\/span><br> <span style=\"color: #003366;\">In kleinen Gruppengr\u00f6\u00dfen von vier bis zu max. sechs Kursteilnehmenden werdet&nbsp;Ihr intensiv<br> bis zur vollst\u00e4ndigen Pr\u00fcfungsreife an das Segeln herangef\u00fchrt.<\/span><br> <span style=\"color: #003366;\">Ort: Ferienpark\/Segelverein Steinhude-Niedersachsen<br> Steganlage S71\/72, Bleichenstra\u00dfe 49, 31515 Steinhude<\/span><br> <span style=\"color: #003366;\">Zeitumfang: 28 Zeitstunden (7&#215;4 Std. plus Reserve\/Pr\u00fcfungsvorbereitung ),<br> <\/span><span style=\"color: #003366;\">Wochenendkurse von 10:00 bis 14:00 oder 14:00 bis 18:00 Uhr<\/span><br> <span style=\"color: #003366;\">Kosten Segelpraxiskurs: 420,-\u20ac<\/span><\/p>\n\n\n\n<p><span style=\"color: #003366;\"><strong>Segelpraxiskurse &#8211; VDS&nbsp;Segelgrundschein<\/strong><\/span><br> <span style=\"color: #003366;\">In kleinen Gruppengr\u00f6\u00dfen von vier bis zu max. sechs Kursteilnehmenden werdet Ihr intensiv an&nbsp;das<br> gute Segeln herangef\u00fchrt. Der Kurs kann mit dem Segelgrundschein VDS abgeschlossen werden.<\/span><br> <span style=\"color: #003366;\">Ort: Ferienpark\/Segelverein Steinhude-Niedersachsen<br> Steganlage S71\/72, Bleichenstra\u00dfe 49, 31515 Steinhude<\/span><br> <span style=\"color: #003366;\">Zeitumfang: 20 Zeitstunden (5&#215;4 Std.),<br> Wochenendkurse von 10:00 bis 14:00 oder 14:00 bis 18:00 Uhr<\/span><br> <span style=\"color: #003366;\">Kosten Segelpraxiskurs VDS: 320,-\u20ac;<br> Pr\u00fcfungsabnahme, Begleitheft, Ausstellung Segelgrundschein VDS: 40,-\u20ac<\/span><\/p>\n\n\n\n<p><span style=\"color: #003366;\"><strong>Segelpraxisunterricht Wochenendkurs I<\/strong><br> SBF-Binnen Segel: 25.\/26.04., 2.\/3.05., 9.\/10.05., 16.05., (17.05. Reservetag) , DSV-Pr\u00fcfung am 20.06.206<br> VDS Grundschein: 25.\/26.04., 2.\/3.05., 9.05., (10.05<\/span>. <span style=\"color: #003366;\">Reservetag<\/span>)<\/p>\n\n\n\n<p><span style=\"color: #003366;\"><strong>Segelpraxisunterricht Wochenendkurs II<\/strong><br> SBF-Binnen Segel: 23.\/24.05., 30.\/31.05., 6.\/7.06., 13.06., (14.06. Reservetag), DSV-Pr\u00fcfung am 20.06.2026<br> VDS Grundschein: <span style=\"color: #003366;\">23.\/24.05., 30.\/31.05., 6.06., (7.06.<\/span> Reservetag)<\/span><\/p>\n\n\n\n<p><span style=\"color: #003366;\"><strong>Segelpraxisunterricht Wochenendkurs III<\/strong><br> SBF-Binnen Segel: 4.\/5.07., 11.\/12.07., 18.\/19.07., 25.07., (26.07. Reservetag), DSV-Pr\u00fcfung am 1.08.2026<br> VDS Grundschein: <span style=\"color: #003366;\">4.\/5.07., 11.\/12.07., 18.07., (19.07<\/span><\/span>. <span style=\"color: #003366;\">Reservetag<\/span>)<\/p>\n\n\n\n<p><span style=\"color: #003366;\"><strong>Segelpraxisunterricht Wochenendkurs IV<\/strong><br> VDS Grundschein: 8.\/9.08., 15.\/16.08., 22.08., (23.08. Reservetag)<\/span><\/p>\n\n\n\n<p><span style=\"color: #003366;\"><strong>Segelpraxiskurse &#8211; Intensivwoche<\/strong><br> <strong>VDS-Segelgrundschein 20.-24.07.2026 oder SBF-Binnen unter Segel, 20.-26.07.202<\/strong><\/span>6<br> <span style=\"color: #003366;\">Innerhalb einer Woche werdet ihr in kleinen Gruppengr\u00f6\u00dfen mit max. sechs Kursteilnehmern<br> an das gute Segeln herangef\u00fchrt. In der Regel schlie\u00dft ihr diesen Kurs mit dem Erhalt des<br> Segelgrundscheins VDS ab. Eine Erweiterung auf die praktische Pr\u00fcfung zum SBF-Binnen<br> unter Segel ( 7&#215;4 Std.) ist nach R\u00fccksprache m\u00f6glich.<\/span><br> <span style=\"color: #003366;\">Ort: Ferienpark\/Segelverein Steinhude-Niedersachsen<br> Steganlage S71\/72, Bleichenstra\u00dfe 49, 31515 Steinhude<\/span><br> <span style=\"color: #003366;\">Zeitumfang: 20 Zeitstunden (5&#215;4 Std.)<\/span><br> <span style=\"color: #003366;\">Kosten Segelpraxiskurs VDS: 320,-\u20ac,<br> Pr\u00fcfungsabnahme, Begleitheft, Ausstellung Segelgrundschein VDS: 40,-\u20ac<br> Kosten Segelpraxiskurs SBF-Binnen nach R\u00fccksprache: 420,-\u20ac<\/span><\/p>\n\n\n\n<p><span style=\"color: #003366;\"><strong>Intensivwoche<\/strong> <strong>VDS-Segel-Junior-Grundschein, Intensivwoche<\/strong><\/span><span style=\"color: #003366;\"><strong>20.-24.07.2026<\/strong><\/span><br> <span style=\"color: #003366;\">Innerhalb einer Woche werdet ihr in kleinen Gruppengr\u00f6\u00dfen mit max. sechs Kursteilnehmenden<br> altersgerecht an das Segeln auf einem Optimisten herangef\u00fchrt.<\/span> <span style=\"color: #003366;\">Wenn gew\u00fcnscht, und alles passt, schlie\u00dft ihr diesen Kurs mit dem Erhalt des Segel-Junior-Grundscheins des VDS ab.<\/span><br> <span style=\"color: #003366;\">Voraussetzungen: Alter 8-12 Jahre, gute Schwimmf\u00e4higkeiten (Nachweis Schwimmabzeichen Bronze)<\/span><br> <span style=\"color: #003366;\">Ort: Ferienpark\/Segelverein Steinhude-Niedersachsen<br> Steganlage S71\/72, Bleichenstra\u00dfe 49, 31515 Steinhude<\/span><br> <span style=\"color: #003366;\">Zeitumfang: 20 Zeitstunden (5&#215;4 Std.)<\/span><br> <span style=\"color: #003366;\">Kosten Segelpraxiskurs VDS: 280,-\u20ac,<br> Pr\u00fcfungsabnahme, Begleitheft, Ausstellung Segelgrundschein VDS: 40,-\u20ac<\/span><\/p>\n\n\n\n<p><span style=\"color: #003366;\"><strong>Motorboot\u00fcbungsfahrt<br>\namtliche Sportbootf\u00fchrerscheine Geltungsbereich Binnen- und Seeschifffahrtsstra\u00dfen<br>\n<\/strong>Termine: ganzj\u00e4hrig, nach Absprache, in Kooperation<\/span><br>\n<span style=\"color: #003366;\"> Ort: Marine Rasche-Werft, 30926 Seelze<\/span><br>\n<span style=\"color: #003366;\"> Zeitumfang: ca. 2-3 Zeitstunden<\/span><br>\n<span style=\"color: #003366;\"> Kosten Motorbootpraxis\u00fcbungsfahrt: ca. 80,-\u20ac\/Std.<\/span><\/p>\n\n\n\n<p><span style=\"color: #003366;\">&nbsp;<\/span><\/p>\n\n\n\n<p><span style=\"color: #003366;\"><strong>Anmeldung und Informationen<br>\n<\/strong> ahoi-Segelschule<\/span><br>\n<span style=\"color: #003366;\"> Holger Stintat<\/span><br>\n<span style=\"color: #003366;\"> mobil: 01724342650<\/span><br>\n<span style=\"color: #003366;\"> mail: <a href=\"mailto:kontakt@ahoi-segelschule.de\">kontakt@ahoi-segelschule.de<\/a><\/span><\/p>\n\n\n\n<h1 class=\"wp-block-heading\"><\/h1>\n\n\n\n<div><\/div>\n\n\n\n<p><\/p>\n","protected":false},"excerpt":{"rendered":"<p>Segelsaison 2026 &#8211; Kurstermine Wochenendtheoriekurs SBF-See, 20.-22.02.2026 in einem informativen und intensiven Wochenendpr\u00e4senzunterricht werdet ihr konkret auf die anstehende theoretische Pr\u00fcfung zum amtlichen Sportbootf\u00fchrerschein See vorbereitet. Unterrichtsstandort: Steinhude Freitag, 18:00-21:00 Uhr: Allgemeines zur Pr\u00fcfung, Gesetzeskunde Samstag, 9:00-16:00 Uhr: Navigation, erste<\/p>\n","protected":false},"author":1,"featured_media":0,"parent":0,"menu_order":0,"comment_status":"closed","ping_status":"open","template":"","meta":{"footnotes":""},"class_list":["post-316","page","type-page","status-publish","hentry"],"_links":{"self":[{"href":"https:\/\/www.ahoi-segelschule.de\/index.php?rest_route=\/wp\/v2\/pages\/316","targetHints":{"allow":["GET"]}}],"collection":[{"href":"https:\/\/www.ahoi-segelschule.de\/index.php?rest_route=\/wp\/v2\/pages"}],"about":[{"href":"https:\/\/www.ahoi-segelschule.de\/index.php?rest_route=\/wp\/v2\/types\/page"}],"author":[{"embeddable":true,"href":"https:\/\/www.ahoi-segelschule.de\/index.php?rest_route=\/wp\/v2\/users\/1"}],"replies":[{"embeddable":true,"href":"https:\/\/www.ahoi-segelschule.de\/index.php?rest_route=%2Fwp%2Fv2%2Fcomments&post=316"}],"version-history":[{"count":104,"href":"https:\/\/www.ahoi-segelschule.de\/index.php?rest_route=\/wp\/v2\/pages\/316\/revisions"}],"predecessor-version":[{"id":1299,"href":"https:\/\/www.ahoi-segelschule.de\/index.php?rest_route=\/wp\/v2\/pages\/316\/revisions\/1299"}],"wp:attachment":[{"href":"https:\/\/www.ahoi-segelschule.de\/index.php?rest_route=%2Fwp%2Fv2%2Fmedia&parent=316"}],"curies":[{"name":"wp","href":"https:\/\/api.w.org\/{rel}","templated":true}]}}