{"id":241,"date":"2013-12-09T19:39:53","date_gmt":"2013-12-09T17:39:53","guid":{"rendered":"http:\/\/www.ahoi-segelschule.de\/?page_id=241"},"modified":"2026-04-03T13:45:10","modified_gmt":"2026-04-03T11:45:10","slug":"konditionen-2","status":"publish","type":"page","link":"https:\/\/www.ahoi-segelschule.de\/?page_id=241","title":{"rendered":"Konditionen \/ Preise"},"content":{"rendered":"<p><span style=\"color: #003366;\"><strong><u>Preisliste<\/u><\/strong><\/span><\/p>\n<p><span style=\"color: #003366;\"><strong>Segelgrundschein VDS<\/strong><\/span><br \/>\n<span style=\"color: #003366;\"> Theorie und Praxis, ca. 20 Std.\u00a0 \u00a0 \u00a0 \u00a0 \u00a0 \u00a0 \u00a0 \u00a0 \u00a0 \u00a0 \u00a0 \u00a0 \u00a0 \u00a0 \u00a0 \u00a0 \u00a0 \u00a0 \u00a0 \u00a0 \u00a0 \u00a0 \u00a0 \u00a0 \u00a0 \u00a0 \u00a0 \u00a0 \u00a0 \u00a0 \u00a0 \u00a0 \u00a0 \u00a0 \u00a0 \u00a0 \u00a0 320,-\u20ac<\/span><br \/>\n<span style=\"color: #003366;\"> Pr\u00fcfungsgeb\u00fchr\/Ausstellung\/Lehrmaterial\u00a0 \u00a0 \u00a0 \u00a0 \u00a0 \u00a0 \u00a0 \u00a0 \u00a0 \u00a0 \u00a0 \u00a0 \u00a0 \u00a0 \u00a0 \u00a0 \u00a0 \u00a0 \u00a0 \u00a0 \u00a0 \u00a0 \u00a0 \u00a0 \u00a0 \u00a0 \u00a0 40,-\u20ac<\/span><\/p>\n<p><span style=\"color: #003366;\"><strong>Segel-Junior-Grundschein (Opti-Schein) VDS<\/strong><\/span><br \/>\n<span style=\"color: #003366;\"> Theorie und Praxis, ca. 20 Std.\u00a0 \u00a0 \u00a0 \u00a0 \u00a0 \u00a0 \u00a0 \u00a0 \u00a0 \u00a0 \u00a0 \u00a0 \u00a0 \u00a0 \u00a0 \u00a0 \u00a0 \u00a0 \u00a0 \u00a0 \u00a0 \u00a0 \u00a0 \u00a0 \u00a0 \u00a0 \u00a0 \u00a0 \u00a0 \u00a0 \u00a0 \u00a0 \u00a0 \u00a0 \u00a0 \u00a0 \u00a0 280,-\u20ac<\/span><br \/>\n<span style=\"color: #003366;\"> Pr\u00fcfungsgeb\u00fchr\/Ausstellung\/Lehrmaterial\u00a0\u00a0\u00a0\u00a0\u00a0<\/span>\u00a0\u00a0\u00a0\u00a0\u00a0\u00a0\u00a0\u00a0\u00a0\u00a0\u00a0\u00a0\u00a0\u00a0\u00a0\u00a0\u00a0\u00a0\u00a0\u00a0\u00a0\u00a0\u00a0\u00a0\u00a0\u00a0\u00a0\u00a0\u00a0\u00a0\u00a0 \u00a0\u00a0\u00a0 <span style=\"color: #333399;\">\u00a0<span style=\"color: #666699;\">\u00a0 \u00a0 \u00a0 \u00a0 \u00a0 \u00a0<span style=\"color: #003366;\"> 40,-\u20ac<\/span><\/span><\/span><\/p>\n<p><span style=\"color: #003366;\"><strong>Amtlicher Sportbootf\u00fchrerschein<br \/>\nGeltungsbereich Binnenschifffahrtsstra\u00dfen unter Segel\/Motor<\/strong><\/span><br \/>\n<span style=\"color: #003366;\"> Theorie Wochenendkurs kompakt, Sa\/So 2&#215;6 Std.\u00a0 \u00a0 \u00a0 \u00a0 \u00a0 \u00a0 \u00a0 \u00a0 \u00a0 \u00a0 \u00a0 \u00a0 \u00a0 \u00a0auf Nachfrage<\/span><br \/>\n<span style=\"color: #003366;\"> Praxis Segeln\u00a0\u00a0 ca. 28h\u00a0 \u00a0 \u00a0 \u00a0 \u00a0 \u00a0 \u00a0 \u00a0 \u00a0 \u00a0 \u00a0 \u00a0 \u00a0 \u00a0 \u00a0 \u00a0 \u00a0 \u00a0 \u00a0 \u00a0 \u00a0 \u00a0 \u00a0 \u00a0 \u00a0 \u00a0 \u00a0 \u00a0 \u00a0 \u00a0 \u00a0 \u00a0 \u00a0 \u00a0 \u00a0 \u00a0 \u00a0 \u00a0 \u00a0 \u00a0 \u00a0 \u00a0 \u00a0 \u00a0 \u00a0 420,-\u20ac<\/span><br \/>\n<span style=\"color: #003366;\"> Praxis Motor (in Kooperation)\u00a0 \u00a0 \u00a0 \u00a0 \u00a0 \u00a0 \u00a0 \u00a0 \u00a0 \u00a0 \u00a0 \u00a0 \u00a0 \u00a0 \u00a0 \u00a0 \u00a0 \u00a0 \u00a0 \u00a0 \u00a0 \u00a0 \u00a0 \u00a0 \u00a0 \u00a0 \u00a0 \u00a0 \u00a0 \u00a0 \u00a0 \u00a0 ca. 80,-\u20ac\/Std.<\/span><\/p>\n<p><span style=\"color: #003366;\"><strong>Amtlicher Sportbootf\u00fchrerschein<br \/>\nGeltungsbereich Seeschifffahrtsstra\u00dfen<\/strong><\/span><br \/>\n<span style=\"color: #003366;\">Theorie Wochenendkurs kompakt, Fr\/Sa\/So, ca. 20 UE\/45min.\u00a0 \u00a0 \u00a0 \u00a0 \u00a0 \u00a0 \u00a0 \u00a0200,-\u20ac<\/span><br \/>\n<span style=\"color: #003366;\">Praxis Motor (in Kooperation)\u00a0 \u00a0 \u00a0 \u00a0 \u00a0 \u00a0 \u00a0 \u00a0 \u00a0 \u00a0 \u00a0 \u00a0 \u00a0 \u00a0 \u00a0 \u00a0 \u00a0 \u00a0 \u00a0 \u00a0 \u00a0 \u00a0 \u00a0 \u00a0 \u00a0 \u00a0 \u00a0 \u00a0 \u00a0 \u00a0 \u00a0 \u00a0 ca. 80,-\u20ac\/Std.<\/span><\/p>\n<p><span style=\"color: #003366;\"><strong>Sportk\u00fcstenschifferschein SKS<\/strong><\/span><br \/>\n<span style=\"color: #003366;\"> Theorie Wochenendkurs an zwei Wochenenden 4&#215;6 Std.\u00a0 \u00a0 \u00a0 \u00a0 \u00a0 \u00a0 \u00a0 \u00a0 auf Nachfrage<\/span><br \/>\n<span style=\"color: #003366;\"> Praxisausbildung (in Kooperation)\u00a0 \u00a0 \u00a0 \u00a0 \u00a0 \u00a0 \u00a0 \u00a0 \u00a0 \u00a0 \u00a0 \u00a0 \u00a0 \u00a0 \u00a0 \u00a0 \u00a0 \u00a0 \u00a0 \u00a0 \u00a0 \u00a0 \u00a0 \u00a0 \u00a0 \u00a0 \u00a0 \u00a0 auf Nachfrage<\/span><\/p>\n<p><span style=\"color: #003366;\">Amtliche Sportbootf\u00fchrerscheine zzgl. amtlicher Pr\u00fcfungs- und Ausstellungsgeb\u00fchr, Lehrmaterial<\/span><br \/>\n<span style=\"color: #003366;\"> 1 Unterrichtsstunde = 60min<\/span><br \/>\n<span style=\"color: #003366;\"> Preisliste, Stand: Dezember 2025<br \/>\n<\/span><\/p>\n<p style=\"text-align: justify;\"><span style=\"color: #003366;\"><strong>Zu den Konditionen der ahoi-segelschule<br \/>\n<\/strong>Eine Segelausbildung ist nicht ganz preiswert. Die Ausbildungsm\u00f6glichkeiten sind vielf\u00e4ltig und die Kosten f\u00fcr Ausbildung und Pr\u00fcfung summieren sich schnell zu einer ansprechenden Summe.<\/span><br \/>\n<span style=\"color: #003366;\"> Hier einige Hinweise, wie wir\u00a0zusammen das ein oder andere Ausbildungsmodul f\u00fcr euch g\u00fcnstig gestalten k\u00f6nnen.<\/span><\/p>\n<ol>\n<li><span style=\"color: #003366;\"><strong>Vorwissen einbringen<\/strong><\/span><br \/>\n<span style=\"color: #003366;\"> Ihr habt bereits eine Schulung besucht, k\u00f6nnt auch schon gut segeln, aber seid die Pr\u00fcfung nicht angegegangen?<\/span><br \/>\n<span style=\"color: #003366;\"> Ihr seid bereits im Besitz eines Segelscheines und wollt einen weiteren erwerben?<\/span><br \/>\n<span style=\"color: #003366;\"> Ihr habt bereits praktische Segelerfahrung, aber euch fehlt noch die Sicherheit auf dem Wasser und die gewisse &#8222;Pr\u00fcfungsreife&#8220;?<\/span><br \/>\n<span style=\"color: #003366;\"> In diesen F\u00e4llen besprechen wir im Vorfeld was euch zum guten Segeln und zum guten Gelingen einer Pr\u00fcfung noch fehlt, und die Ausbildungszeit wird entsprechend reduziert angeboten und abgerechnet.<\/span><\/li>\n<li><span style=\"color: #003366;\"><strong>Kurse\u00a0und F\u00fchrerscheine klug kombinieren<\/strong><\/span><br \/>\n<span style=\"color: #003366;\"> Auch wenn am Anfang der Einstieg in die Wassersportausbildung recht komplex erscheint. Meistens kommt nach dem ersten Erfolg auf dem Wasser der Wunsch nach einer weiteren Qualifikation. <\/span><span style=\"color: #003366;\">Ist erst einmal ein Sportbootf\u00fchrerschein erworben und ist man mit den Pr\u00fcfungsabl\u00e4ufen vertraut, kann der n\u00e4chste\u00a0 F\u00fchrerschein mit deutlich verringertem Schulungs- und Kostenaufwand angegangen werden. Solltet ihr hierbei noch die Jahresfrist einhalten, k\u00f6nnt ihr viele administrative Kosten\u00a0und auch einige praktische und theoretische Pr\u00fcfungsteile einsparen.<\/span><\/li>\n<li><span style=\"color: #003366;\"><strong>Jugendliche, Eltern mit Kindern,<\/strong><\/span><br \/>\n<span style=\"color: #003366;\"> Eltern mit Kindern oder Sch\u00fcler bis zum 18. Lebensjahr erhalten 10% Rabatt auf alle Schulungskurse.<br \/>\n<\/span><\/li>\n<li><span style=\"color: #003366;\"><strong>Kontakt aufnehmen<\/strong><\/span><br \/>\n<span style=\"color: #003366;\"> In Sachen Wassersportausbildung ber\u00e4t euch die ahoi-segelschule stets gerne und ausf\u00fchrlich. Der unverbindliche Besuch einer Segelschulstunde ist immer m\u00f6glich, und soll euch bei der bewussten und richtigen\u00a0Wahl eurer Wassersportkarriere\u00a0unterst\u00fctzen.<\/span><br \/>\n<span style=\"color: #003366;\"> Sprecht uns an, wir beraten euch gerne.<\/span><\/li>\n<\/ol>\n","protected":false},"excerpt":{"rendered":"<p>Preisliste Segelgrundschein VDS Theorie und Praxis, ca. 20 Std.\u00a0 \u00a0 \u00a0 \u00a0 \u00a0 \u00a0 \u00a0 \u00a0 \u00a0 \u00a0 \u00a0 \u00a0 \u00a0 \u00a0 \u00a0 \u00a0 \u00a0 \u00a0 \u00a0 \u00a0 \u00a0 \u00a0 \u00a0 \u00a0 \u00a0 \u00a0 \u00a0 \u00a0 \u00a0 \u00a0 \u00a0 \u00a0<\/p>\n","protected":false},"author":1,"featured_media":0,"parent":0,"menu_order":3,"comment_status":"closed","ping_status":"closed","template":"","meta":{"footnotes":""},"class_list":["post-241","page","type-page","status-publish","hentry"],"_links":{"self":[{"href":"https:\/\/www.ahoi-segelschule.de\/index.php?rest_route=\/wp\/v2\/pages\/241","targetHints":{"allow":["GET"]}}],"collection":[{"href":"https:\/\/www.ahoi-segelschule.de\/index.php?rest_route=\/wp\/v2\/pages"}],"about":[{"href":"https:\/\/www.ahoi-segelschule.de\/index.php?rest_route=\/wp\/v2\/types\/page"}],"author":[{"embeddable":true,"href":"https:\/\/www.ahoi-segelschule.de\/index.php?rest_route=\/wp\/v2\/users\/1"}],"replies":[{"embeddable":true,"href":"https:\/\/www.ahoi-segelschule.de\/index.php?rest_route=%2Fwp%2Fv2%2Fcomments&post=241"}],"version-history":[{"count":47,"href":"https:\/\/www.ahoi-segelschule.de\/index.php?rest_route=\/wp\/v2\/pages\/241\/revisions"}],"predecessor-version":[{"id":1298,"href":"https:\/\/www.ahoi-segelschule.de\/index.php?rest_route=\/wp\/v2\/pages\/241\/revisions\/1298"}],"wp:attachment":[{"href":"https:\/\/www.ahoi-segelschule.de\/index.php?rest_route=%2Fwp%2Fv2%2Fmedia&parent=241"}],"curies":[{"name":"wp","href":"https:\/\/api.w.org\/{rel}","templated":true}]}}