{"id":2,"date":"2013-05-12T14:51:13","date_gmt":"2013-05-12T12:51:13","guid":{"rendered":"http:\/\/www.ahoi-segelschule.de\/?page_id=2"},"modified":"2026-04-03T13:11:36","modified_gmt":"2026-04-03T11:11:36","slug":"beispiel-seite","status":"publish","type":"page","link":"https:\/\/www.ahoi-segelschule.de\/","title":{"rendered":"Ahoi"},"content":{"rendered":"\n<p><span style=\"color: #003366;\"><em>&#8222;&#8230; Wie das im Wind liegt und sich wiegt,<\/em><\/span><br>\n<span style=\"color: #003366;\"><em>Tauweb\u00fcberspannt durch die Wogen,<\/em><\/span><br>\n<span style=\"color: #003366;\"><em>Da ist eine Kunst, die friedlich siegt,<\/em><\/span><br>\n<span style=\"color: #003366;\"><em>Und ihr Flei\u00df ist nicht verlogen.<\/em><\/span><\/p>\n\n\n\n<p><span style=\"color: #003366;\"><em>Es rauscht wie Freiheit. Es riecht wie Welt. &#8211;<\/em><\/span><br>\n<span style=\"color: #003366;\"><em>Natur gewordene Planken<\/em><\/span><br>\n<span style=\"color: #003366;\"><em>Sind Segelschiffe. &#8211; Ihr Anblick erhellt<\/em><\/span><br>\n<span style=\"color: #003366;\"><em>Und weitet unsre Gedanken.&#8220;<\/em><\/span><\/p>\n\n\n\n<p><span style=\"color: #003366;\">Joachim Ringelnatz<\/span><\/p>\n\n\n\n<p><\/p>\n\n\n\n<p><span style=\"color: #003366;\"><strong>Willkommen auf der Seite der ahoi-segelschul<\/strong><\/span>e<\/p>\n\n\n\n<p><span style=\"color: #003366;\"><strong>Termine Theorie und Praxis &#8211; Saison 2026,<\/strong><\/span>&nbsp;<a href=\"https:\/\/www.ahoi-segelschule.de\/?page_id=316\">Termine<\/a><\/p>\n\n\n<div class=\"wp-block-image\">\n<figure class=\"alignright\"><a href=\"http:\/\/www.ahoi-segelschule.de\/wp-content\/uploads\/2014\/12\/QAW-Logo.png\"><img loading=\"lazy\" decoding=\"async\" width=\"150\" height=\"150\" src=\"http:\/\/www.ahoi-segelschule.de\/wp-content\/uploads\/2014\/12\/QAW-Logo-150x150.png\" alt=\"QAW-Logo\" class=\"wp-image-387\"\/><\/a><\/figure>\n<\/div>\n\n\n<p><span style=\"color: #003366;\">Auch im neuen Jahr gilt:<br> die grundlegende und gute seglerische Ausbildung unserer Kursteilnehmer<br> steht auch weiterhin im Mittelpunkt unserer Bem\u00fchungen.<\/span><br> <span style=\"color: #003366;\">&#8211; Ausbildung in kleinen Gruppen<\/span><br> <span style=\"color: #003366;\">&#8211; amtliche Segelpr\u00fcfungen bei uns am Steg<\/span><br> <span style=\"color: #003366;\">&#8211; individuelle Kurszeiten<\/span><br> <span style=\"color: #003366;\">&#8211; gepflegte und gut ausger\u00fcstete klassische Seeljollen<\/span><br> <span style=\"color: #003366;\">Schwertzugv\u00f6gel und Piraten &#8211; teils in Holz-GFK Ausstattung<\/span><br> <span style=\"color: #003366;\">&#8211; ein Schnupperbesuch unserer Unterrichtseinheiten am Steg ist immer m\u00f6glich<\/span><br> <span style=\"color: #003366;\">&#8211; fundierte Theorieausbildungen zu den amtlichen Sportbootf\u00fchrerscheinen und zum<br> Sportk\u00fcstenschifferschein SKS<br> <\/span><\/p>\n\n\n\n<p><span style=\"color: #003366;\"><strong>Leinen los!<br> <\/strong>f\u00fcr einen neuen Start in die Segelsaison 202<\/span>6<\/p>\n\n\n\n<p><span style=\"color: #003366;\">Wir freuen uns auf Euch!<\/span><br>\n<span style=\"color: #003366;\"> Willkommen am Steinhuder Meer!<\/span><br>\n<span style=\"color: #003366;\"> Willkommen in der <strong>ahoi <\/strong>Segelschule!<\/span><\/p>\n\n\n\n<p class=\"has-text-align-left\"><strong><span style=\"color: #003366;\">Neu: Segel-Junior Opti Grundschein<\/span><\/strong><br>\n<span style=\"color: #003366;\">Das Kursangebot der Ahoi-Segelschule wird auch in dieser Saison um eine Segelintensivwoche f\u00fcr Kinder in den Sommerferien erweitert. <\/span><span style=\"color: #003366;\">Mit zwei weiteren brandneuen WWS-Optis kann die Ahoi-Segelschule jetzt auch Kindern ab acht Jahren ein altersgerechtes Segelkursangebot anbieten.<\/span><\/p>\n\n\n\n<p><span style=\"color: #003366;\"><strong>Neuer Standort Segelpraxis am Ferienpark &#8211; Segelverein Steinhude-Niedersachsen<\/strong><\/span><br>\n<span style=\"color: #003366;\">Seit der Saison 2020 findet die segelpraktische Ausbildung an der Steganlage S71, Bleichenstra\u00dfe 49, 31515 Steinhude statt.<\/span><br>\n<span style=\"color: #003366;\">Wir freuen uns, am S\u00fcdufer des Steinhuder Meeres im gesch\u00fctzten Revier der Gro\u00dfenheidorner Bucht einen neuen Segelschulstandort gefunden zu haben. Die gro\u00dfz\u00fcgige Steganlage, verwaltet vom Segelverein Steinhude-Niedersachsen e. V., war schon seit l\u00e4ngerem unser bevorzugter \u00dcbungs- und Pr\u00fcfungssteg. Die Ahoi-Segelschule freut sich auf eine gute Zusammenarbeit mit den Mitgliedern des SVSN und den Wassersportlern der Steggemeinschaft.<\/span><\/p>\n\n\n\n<p><span style=\"color: #003366;\"><strong>R\u00fcckblick<br> <\/strong><\/span><span style=\"color: #003366;\">Die <strong>ahoi<\/strong>-segelschule hat im Januar&nbsp;2014 ihren Schulungsbetrieb am Steinhuder Meer aufgenommen.<br> Seit dieser Zeit, konnten viele hundert Kursteilnehmende erfolgreich ihre amtlichen Sortbootf\u00fchrerscheine See bzw. Binnen entegegennehmen. Segelgrundscheinkurse des Verbandes deutscher Sportbootschulen (VDS), Intensivsegelwochen in den Sommerferien, die Sportk\u00fcstenschifferausbildung (SKS) und unverbindliche Probeschl\u00e4ge am Steg zur ersten Orientierung auf dem Wasser rundeten das Ausbildungsportfolio der ahoi-segelschule in den vergangenen Jahren ab.<\/span><\/p>\n\n\n\n<p><span style=\"color: #003366;\">&nbsp;<\/span><\/p>\n\n\n\n<p><\/p>\n","protected":false},"excerpt":{"rendered":"<p>&#8222;&#8230; Wie das im Wind liegt und sich wiegt, Tauweb\u00fcberspannt durch die Wogen, Da ist eine Kunst, die friedlich siegt, Und ihr Flei\u00df ist nicht verlogen. Es rauscht wie Freiheit. Es riecht wie Welt. &#8211; Natur gewordene Planken Sind Segelschiffe.<\/p>\n","protected":false},"author":1,"featured_media":0,"parent":0,"menu_order":0,"comment_status":"closed","ping_status":"closed","template":"","meta":{"footnotes":""},"class_list":["post-2","page","type-page","status-publish","hentry"],"_links":{"self":[{"href":"https:\/\/www.ahoi-segelschule.de\/index.php?rest_route=\/wp\/v2\/pages\/2","targetHints":{"allow":["GET"]}}],"collection":[{"href":"https:\/\/www.ahoi-segelschule.de\/index.php?rest_route=\/wp\/v2\/pages"}],"about":[{"href":"https:\/\/www.ahoi-segelschule.de\/index.php?rest_route=\/wp\/v2\/types\/page"}],"author":[{"embeddable":true,"href":"https:\/\/www.ahoi-segelschule.de\/index.php?rest_route=\/wp\/v2\/users\/1"}],"replies":[{"embeddable":true,"href":"https:\/\/www.ahoi-segelschule.de\/index.php?rest_route=%2Fwp%2Fv2%2Fcomments&post=2"}],"version-history":[{"count":115,"href":"https:\/\/www.ahoi-segelschule.de\/index.php?rest_route=\/wp\/v2\/pages\/2\/revisions"}],"predecessor-version":[{"id":1287,"href":"https:\/\/www.ahoi-segelschule.de\/index.php?rest_route=\/wp\/v2\/pages\/2\/revisions\/1287"}],"wp:attachment":[{"href":"https:\/\/www.ahoi-segelschule.de\/index.php?rest_route=%2Fwp%2Fv2%2Fmedia&parent=2"}],"curies":[{"name":"wp","href":"https:\/\/api.w.org\/{rel}","templated":true}]}}