{"id":117,"date":"2013-11-03T19:12:07","date_gmt":"2013-11-03T17:12:07","guid":{"rendered":"http:\/\/www.ahoi-segelschule.de\/?page_id=117"},"modified":"2026-04-03T15:59:07","modified_gmt":"2026-04-03T13:59:07","slug":"segelscheine","status":"publish","type":"page","link":"https:\/\/www.ahoi-segelschule.de\/?page_id=117","title":{"rendered":"Segelscheine"},"content":{"rendered":"<p><img loading=\"lazy\" decoding=\"async\" class=\"size-full wp-image-147 alignright\" style=\"width: 201px;\" src=\"http:\/\/www.ahoi-segelschule.de\/wp-content\/uploads\/2013\/11\/grundschein-segeln.jpg\" alt=\"grundschein-segeln\" width=\"174\" height=\"306\" \/><\/p>\n<p><span style=\"color: #003366;\"><strong>Der Segelgrundschein VDS<br \/>\n<\/strong><\/span><\/p>\n<p style=\"text-align: justify;\"><span style=\"color: #003366;\">Als VDS Segelsportschule k\u00f6nnen wir dir als Einstieg zum selbst\u00e4ndigen und sicheren Segeln den praxisorientierten VDS-Segelgrundschein anbieten. W\u00e4hrend der praktische Ausbildungsteil eine vollwertige und grundlegende seglerische Ausbildung darstellt, ist der theoretische Teil auf das Notwendige reduziert. Dieser Schein entspricht den Mindestanforderungen eines g\u00fcltigen Bef\u00e4higungsnachweises entspr. der D\u00fcmmer und Steinhuder Meer Verordnung.<\/span><\/p>\n<p><span style=\"color: #003366;\"><strong>Der Junior-Segelgrundschein VDS<\/strong><\/span><\/p>\n<p><span style=\"color: #003366;\">Auf unseren neuen WWS Optis wirst du von jungen segelbegeisterten KursleiterInnen an das Abenteuer Segeln herangef\u00fchrt. Die altersgerechte Betreuung und Ausrichtung der Segeltage stehen im Vordergrund dieser Segelintensivwoche. Ein Segelausflug zur Badeinsel ist da immer eingeplant.<\/span><br \/>\n<span style=\"color: #003366;\">Eine Bedingung stelle wir allerdings! Du musst dich auf und in dem Wasser sicher und wohl f\u00fchlen &#8211; weise uns das bitte mit einem Schwimmabzeichen Bronze nach.<\/span><\/p>\n<p>&nbsp;<\/p>\n<p style=\"text-align: justify;\"><span style=\"color: #003366;\"><strong>Der Sportbootf\u00fchrerschein<a href=\"https:\/\/www.ahoi-segelschule.de\/?attachment_id=1306\" rel=\"attachment wp-att-1306\"><img loading=\"lazy\" decoding=\"async\" class=\"alignright size-medium wp-image-1306\" src=\"https:\/\/www.ahoi-segelschule.de\/wp-content\/uploads\/2026\/04\/Bild1-300x187.png\" alt=\"\" width=\"300\" height=\"187\" srcset=\"https:\/\/www.ahoi-segelschule.de\/wp-content\/uploads\/2026\/04\/Bild1-300x187.png 300w, https:\/\/www.ahoi-segelschule.de\/wp-content\/uploads\/2026\/04\/Bild1-768x478.png 768w, https:\/\/www.ahoi-segelschule.de\/wp-content\/uploads\/2026\/04\/Bild1.png 833w\" sizes=\"auto, (max-width: 300px) 100vw, 300px\" \/><\/a><\/strong><\/span><span style=\"color: #003366;\"><strong><br \/>\nGeltungsbereich Binnenschifffahrtsstra\u00dfen<\/strong><\/span><\/p>\n<p style=\"text-align: justify;\"><span style=\"color: #003366;\">Amtliche Fahrerlaubnis zum F\u00fchren von Sportbooten unter 20m auf den Binnenschifffahrtsstra\u00dfen. Vorgeschrieben f\u00fcr Fahrzeuge mit mehr als 15 PS. Er kann als Segel- und\/od<\/span><span style=\"color: #003366;\">er Motorschein <\/span><span style=\"color: #003366;\">erworben werden.<\/span><\/p>\n<p style=\"text-align: left;\"><span style=\"color: #003366;\"><strong>Der Sp<\/strong><\/span><span style=\"color: #003366;\"><strong>ortb<\/strong><\/span><span style=\"color: #003366;\"><strong>ootf\u00fchr<\/strong><\/span><span style=\"color: #003366;\"><strong>erschein Geltungsbereich Seeschifffahrtsstra\u00dfen<\/strong><\/span><\/p>\n<p style=\"text-align: justify;\"><span style=\"color: #003366;\">Amtliche <\/span><span style=\"color: #003366;\">Fahr<\/span><span style=\"color: #003366;\">erlaubnis zum F\u00fchren von <\/span><span style=\"color: #003366;\">motorisierten Sportbooten auf den See<\/span><span style=\"color: #003366;\">s<\/span><span style=\"color: #003366;\">chifffahrtsstra\u00dfen. Vorgeschrieben f\u00fcr <\/span><span style=\"color: #003366;\">Fahrzeuge unter Motor mit me<\/span><span style=\"color: #003366;\">hr als 15 PS.<\/span><\/p>\n<p><span style=\"color: #003366;\"><strong>Der Sportk\u00fcst<\/strong><\/span><span style=\"color: #003366;\"><strong>enschifferschein (SKS)<\/strong><\/span><\/p>\n<p style=\"text-align: left;\"><span style=\"color: #003366;\">Amtlicher, empfohlener F\u00fchrerschein zum F\u00fchren von Yachten unter Motor und unter Segel in K\u00fcstengew\u00e4ssern (12sm-Zone).<\/span><\/p>\n<p><span style=\"text-decoration: underline; color: #003366;\"><strong>Weitere Informationen \/ Hinweise zu den amtlichen Sportbootf\u00fchrerscheinen<\/strong><\/span><\/p>\n<p><span style=\"color: #003366;\"><strong>Der Sportbootf\u00fchrerschein Geltungsbereich Seeschifffahrtsstra\u00dfen<br \/>\n<\/strong>Amtliche Fahrerlaubnis zum F\u00fchren von motorisierten Sportbooten auf den Seeschifffahrtsstra\u00dfen (3 sm Zone). <\/span><span style=\"color: #003366;\">Vorgeschrieben f\u00fcr Fahrzeuge unter Motor mit mehr als 11,03 kW (15 PS).<\/span><\/p>\n<p><span style=\"color: #003366;\"><b>Zulassungsvoraussetzungen:<br \/>\n<\/b>\u2013 Alter: ab 16 Jahren<\/span><br \/>\n<span style=\"color: #003366;\"> \u2013 Tauglichkeit: Vorlage \u201e\u00c4rztliches\u00a0Zeugnis f\u00fcr Sportbootf\u00fchrerscheinbewerber\u201c<\/span><br \/>\n<span style=\"color: #003366;\"> \u2013 Zuverl\u00e4ssigkeit: Vorlage eines\u00a0g\u00fcltigen Kfz-F\u00fchrerscheines <\/span><span style=\"color: #003366;\">(oder\u00a0F\u00fchrungszeugnis), Verzicht bei\u00a0Minderj\u00e4hrigen.<\/span><\/p>\n<p><span style=\"color: #003366;\">Die <b>theoretische Pr\u00fcfung<\/b> besteht aus einem Fragebogen. Ausreichende Kenntnisse \u2013 der Navigation, \u2013 der Seemannschaft, \u2013 des Seeschifffahrtsrechts, \u2013 der Wetterkunde und \u2013 der Fahrzeugf\u00fchrung sind nachzuweisen. In der Pr\u00fcfung muss der Bewerber aus dem Fragenkatalog (279 Fragen) 7 Basisfragen, 23 spezifische Fragen See und 9 zusammenh\u00e4ngende Fragen einer Navigationsaufgabe innerhalb von 60 Minuten beantworten.<\/span><br \/>\n<span style=\"color: #003366;\"> In der <b>praktischen Pr\u00fcfung<\/b> m\u00fcssen die theoretischen Kenntnisse auf einem Boot unter Antriebsmaschine umgesetzt und angewendet werden. Es sind verschiedene Man\u00f6ver (u. a. das Rettungsman\u00f6ver) und Knoten vorzuf\u00fchren. In der Pr\u00fcfung muss der Bewerber mit ausreichendem Ergebnis &#8211; all f\u00fcnf vorgeschriebenen Pflichtman\u00f6ver\/F\u00e4higkeiten ausf\u00fchren &#8211; mindestens zwei von drei gestellten Sonstigen Man\u00f6vern\/F\u00e4higkeiten durchf\u00fchren &#8211; und mindestens sechs von sieben verschiedenen Knoten richtig vorf\u00fchren und deren Verwendung erkl\u00e4ren.<\/span><\/p>\n<p><span style=\"color: #003366;\"><strong>Der Sportbootf\u00fchrerschein Geltungsbereich Binnenschifffahrtsstra\u00dfen<br \/>\n<\/strong>Der amtliche Sportbootf\u00fchrerschein Binnen unter Segel\/Motor ist der Brot- und Butterschein unter den Segel- und Motorbootzertifikaten. Er bescheinigt, dass du dich sicher auf den Binnenwasserstra\u00dfen bewegen kannst und berechtigt unter anderem auch zum Befahren des Bodensees und der zentralen Berliner Gew\u00e4sser. Als bekanntester grundlegender Bef\u00e4higungsnachweis weist er dich gegen\u00fcber Bootsvermietern und Segelsportanbietern als ausreichend segel- und bootskundigen Wassersportteilnehmer im Binnenrevier aus.<\/span><\/p>\n<div>\n<div>\n<p><span style=\"color: #003366;\">Amtliche Fahrerlaubnis zum F\u00fchren von Sportbooten (unter Motor oder Segel) unter 20 Meter L\u00e4nge (ohne Ruder und Bugspriet) auf den Binnenschifffahrtsstra\u00dfen, vorgeschrieben f\u00fcr Fahrzeuge unter Motor mit mehr als 11,03 kW (15 PS).<\/span><\/p>\n<p><span style=\"color: #003366;\"><b>Zulassungsvoraussetzungen:<br \/>\n<\/b>\u2013 Alter: ab 14 Jahren (Segeln), ab 16 Jahren (Motor)<\/span><br \/>\n<span style=\"color: #003366;\"> \u2013 Tauglichkeit: Vorlage \u201e\u00c4rztliches\u00a0Zeugnis f\u00fcr Sportbootf\u00fchrerscheinbewerber\u201c<\/span><br \/>\n<span style=\"color: #003366;\"> \u2013 Zuverl\u00e4ssigkeit: Vorlage eines g\u00fcltigen Kfz-F\u00fchrerscheines <\/span><span style=\"color: #003366;\">(oder F\u00fchrungszeugnis\/Verzicht bei Minderj\u00e4hrigen).<\/span><\/p>\n<div>\n<div>\n<p><span style=\"color: #003366;\">Die <b>theoretische Pr\u00fcfung<\/b> besteht aus einem Fragebogen. Ausreichende Kenntnisse des Binnenschifffahrtsrechts, der Seemannschaft, \u2013 der Fahrzeugf\u00fchrung (Segel- und\/oder Motorboot)\u00a0 sind nachzuweisen. Der Fragebogen enth\u00e4lt insgesamt 300 Fragen. Daraus sind 37 Fragen im Mutiple-Choice-Verfahren innerhalb von 60 Minuten zu beantworten.<\/span><br \/>\n<span style=\"color: #003366;\"> In der <b>praktischen Pr\u00fcfung<\/b> m\u00fcssen die theoretischen Kenntnisse auf einem Sportboot umgesetzt und angewendet werden. Es sind verschiedene Man\u00f6ver (u. a. das Rettungsman\u00f6ver) und Knoten vorzuf\u00fchren. Der Pr\u00fcfungsteilnehmer muss in den Bereichen Pflichtman\u00f6ver\/F\u00e4higkeiten und sonstige Man\u00f6ver\/F\u00e4higkeiten ausreichende Kenntnisse nachweisen.<\/span><\/p>\n<\/div>\n<div class=\"csc-header csc-header-n1\">\n<p><span style=\"color: #003366;\"><strong>Der Sportk\u00fcstenschifferschein (SKS)<br \/>\n<\/strong>Amtlicher, empfohlener F\u00fchrerschein zum F\u00fchren von Yachten mit Antriebsmaschine und unter Segel in K\u00fcstengew\u00e4ssern (alle Meere bis 12 Seemeilen Abstand von der Festlandk\u00fcste). <\/span><span style=\"color: #003366;\">Vorgeschrieben zum F\u00fchren von gewerbsm\u00e4\u00dfig genutzten Sportbooten in den K\u00fcstengew\u00e4ssern.<\/span><br \/>\n<span style=\"color: #003366;\"> <b><br \/>\nZulassungsvoraussetzungen<br \/>\n<\/b> &#8211; ab 16 Jahren,<\/span><br \/>\n<span style=\"color: #003366;\">&#8211; Besitz des SBF-See,<\/span><br \/>\n<span style=\"color: #003366;\">&#8211; Nachweis von 300 Seemeilen auf Yachten mit der jeweiligen Antriebsart in K\u00fcstengew\u00e4ssern.<\/span><\/p>\n<p><span style=\"color: #003366;\">In der <strong>theoretischen Pr\u00fcfung<\/strong> m\u00fcssen erweiterte Kenntnisse in den Themenbereichen Navigation, Seemannschaft, Schifffahrtsrecht und Wetterkunde nachgewiesen werden. Sie besteht aus einem Fragebogen und einer mehrteiligen Navigationsaufgabe.<br \/>\n<\/span><span style=\"color: #003366;\">In der <strong>praktischen Pr\u00fcfung<\/strong> m\u00fcssen die theoretischen Kenntnisse \u00fcber das F\u00fchren einer Yacht in K\u00fcstengew\u00e4ssern umgesetzt und angewendet werden. Pflichtaufgaben: Rettungsman\u00f6ver unter Segel und Motor, An- und Ablegen unter Motor, Wenden oder Halsen\/Q-Wende, Beidrehen\/Beiliegen. Sonstige Aufgaben: Seemannschaft\/Fertigkeiten, Wetterkunde, Navigation, Motor\/Elektrik\/Gasanlage, Seemannschaft\/Man\u00f6ver.<\/span><\/p>\n<\/div>\n<\/div>\n<\/div>\n<\/div>\n","protected":false},"excerpt":{"rendered":"<p>Der Segelgrundschein VDS Als VDS Segelsportschule k\u00f6nnen wir dir als Einstieg zum selbst\u00e4ndigen und sicheren Segeln den praxisorientierten VDS-Segelgrundschein anbieten. W\u00e4hrend der praktische Ausbildungsteil eine vollwertige und grundlegende seglerische Ausbildung darstellt, ist der theoretische Teil auf das Notwendige reduziert. Dieser<\/p>\n","protected":false},"author":1,"featured_media":0,"parent":0,"menu_order":0,"comment_status":"closed","ping_status":"closed","template":"","meta":{"footnotes":""},"class_list":["post-117","page","type-page","status-publish","hentry"],"_links":{"self":[{"href":"https:\/\/www.ahoi-segelschule.de\/index.php?rest_route=\/wp\/v2\/pages\/117","targetHints":{"allow":["GET"]}}],"collection":[{"href":"https:\/\/www.ahoi-segelschule.de\/index.php?rest_route=\/wp\/v2\/pages"}],"about":[{"href":"https:\/\/www.ahoi-segelschule.de\/index.php?rest_route=\/wp\/v2\/types\/page"}],"author":[{"embeddable":true,"href":"https:\/\/www.ahoi-segelschule.de\/index.php?rest_route=\/wp\/v2\/users\/1"}],"replies":[{"embeddable":true,"href":"https:\/\/www.ahoi-segelschule.de\/index.php?rest_route=%2Fwp%2Fv2%2Fcomments&post=117"}],"version-history":[{"count":44,"href":"https:\/\/www.ahoi-segelschule.de\/index.php?rest_route=\/wp\/v2\/pages\/117\/revisions"}],"predecessor-version":[{"id":1308,"href":"https:\/\/www.ahoi-segelschule.de\/index.php?rest_route=\/wp\/v2\/pages\/117\/revisions\/1308"}],"wp:attachment":[{"href":"https:\/\/www.ahoi-segelschule.de\/index.php?rest_route=%2Fwp%2Fv2%2Fmedia&parent=117"}],"curies":[{"name":"wp","href":"https:\/\/api.w.org\/{rel}","templated":true}]}}